{"id":241,"date":"2016-12-04T20:47:39","date_gmt":"2016-12-04T19:47:39","guid":{"rendered":"http:\/\/www.elitmed.info\/?page_id=241"},"modified":"2020-11-14T22:59:07","modified_gmt":"2020-11-14T21:59:07","slug":"kapcsolat","status":"publish","type":"page","link":"https:\/\/www.elitmed.info\/en\/kapcsolat","title":{"rendered":"Contact"},"content":{"rendered":"<p><img loading=\"lazy\" decoding=\"async\" class=\"size-medium wp-image-243 aligncenter\" src=\"https:\/\/www.elitmed.info\/wp-content\/uploads\/2017\/02\/contact_small_trans-295x300.png\" alt=\"\" width=\"295\" height=\"300\" \/><\/p>\n<p style=\"text-align: center;\"><strong>ELITMED Kft.<\/strong><br \/>\nDr. Zsengell\u00e9r Julianna<br \/>\nBudapest II. L\u00f6v\u0151h\u00e1z u. 7-9. II. em. 14<br \/>\nTel: +36 30 932 6976<\/p>\n","protected":false},"excerpt":{"rendered":"<p>\nELITMED Kft.<br \/>\nDr. Zsengell\u00e9r Julianna<br \/>\nBudapest II. L\u00f6v\u0151h\u00e1z u. 7-9. II. em. 14<br \/>\nTel: +36 30 932 6976<\/p>\n","protected":false},"author":1,"featured_media":0,"parent":0,"menu_order":0,"comment_status":"closed","ping_status":"closed","template":"","meta":{"footnotes":""},"class_list":["post-241","page","type-page","status-publish","hentry"],"aioseo_notices":[],"_links":{"self":[{"href":"https:\/\/www.elitmed.info\/en\/wp-json\/wp\/v2\/pages\/241","targetHints":{"allow":["GET"]}}],"collection":[{"href":"https:\/\/www.elitmed.info\/en\/wp-json\/wp\/v2\/pages"}],"about":[{"href":"https:\/\/www.elitmed.info\/en\/wp-json\/wp\/v2\/types\/page"}],"author":[{"embeddable":true,"href":"https:\/\/www.elitmed.info\/en\/wp-json\/wp\/v2\/users\/1"}],"replies":[{"embeddable":true,"href":"https:\/\/www.elitmed.info\/en\/wp-json\/wp\/v2\/comments?post=241"}],"version-history":[{"count":13,"href":"https:\/\/www.elitmed.info\/en\/wp-json\/wp\/v2\/pages\/241\/revisions"}],"predecessor-version":[{"id":413,"href":"https:\/\/www.elitmed.info\/en\/wp-json\/wp\/v2\/pages\/241\/revisions\/413"}],"wp:attachment":[{"href":"https:\/\/www.elitmed.info\/en\/wp-json\/wp\/v2\/media?parent=241"}],"curies":[{"name":"wp","href":"https:\/\/api.w.org\/{rel}","templated":true}]}}